{"id":201,"date":"2022-10-14T16:56:49","date_gmt":"2022-10-14T07:56:49","guid":{"rendered":"https:\/\/www.muse-house.jp\/it\/?page_id=201"},"modified":"2022-10-31T17:35:40","modified_gmt":"2022-10-31T08:35:40","slug":"i-cartoni-animati","status":"publish","type":"page","link":"https:\/\/www.muse-house.jp\/it\/i-cartoni-animati\/","title":{"rendered":"i Cartoni Animati"},"content":{"rendered":"<div class=\"sc_fancy_player_container\"><audio class=\"wp-audio-shortcode\" id=\"audio-201-1\" preload=\"none\" style=\"width: 100%;\" controls=\"controls\"><source type=\"audio\/mpeg\" src=\"https:\/\/www.muse-house.jp\/it\/wp-content\/uploads\/2022\/09\/01-01.mp3?_=1\" \/><a href=\"https:\/\/www.muse-house.jp\/it\/wp-content\/uploads\/2022\/09\/01-01.mp3\">https:\/\/www.muse-house.jp\/it\/wp-content\/uploads\/2022\/09\/01-01.mp3<\/a><\/audio><\/div>\n<p>&nbsp;<\/p>\n<h2 style=\"text-align: center;\">i Cartoni Animati<\/h2>\n<h3 class=\"f18pt\" style=\"text-align: center;\"><span style=\"font-size: 12pt;\">Nuova opera della immagine \u201cil prezzo della guerra\u201d\u3000da professore di musica \u201cAhomaru\u201d<\/span><\/h3>\n<div class=\"yt\"><iframe loading=\"lazy\" src=\"https:\/\/www.youtube.com\/embed\/aJ9noayyK78\" width=\"560\" height=\"315\" frameborder=\"0\" allowfullscreen=\"allowfullscreen\" data-mce-fragment=\"1\"><\/iframe><\/div>\n<div><\/div>\n<div><\/div>\n<div>\n<h3 style=\"text-align: center;\"><span style=\"font-size: 12pt;\">&#8212;&#8212;La Transizione del Carattere Cinese (=degli ideogrammi Cinesi) &lt;La Vita&gt; &#8212;&#8211;<\/span><\/h3>\n<p>&nbsp;<\/p>\n<\/div>\n<div class=\"yt\"><iframe loading=\"lazy\" src=\"https:\/\/www.youtube.com\/embed\/CFxEJbkgByE\" width=\"560\" height=\"315\" frameborder=\"0\" allowfullscreen=\"allowfullscreen\" data-mce-fragment=\"1\"><span data-mce-type=\"bookmark\" style=\"display: inline-block; width: 0px; overflow: hidden; line-height: 0;\" class=\"mce_SELRES_start\">\ufeff<\/span><span data-mce-type=\"bookmark\" style=\"display: inline-block; width: 0px; overflow: hidden; line-height: 0;\" class=\"mce_SELRES_start\">\ufeff<\/span><\/iframe><\/div>\n<div><\/div>\n<div><\/div>\n<div><\/div>\n<div><\/div>\n<div><\/div>\n<div>\n<div style=\"width: 1140px;\" class=\"wp-video\"><video class=\"wp-video-shortcode\" id=\"video-201-1\" width=\"1140\" height=\"641\" preload=\"metadata\" controls=\"controls\"><source type=\"video\/mp4\" src=\"https:\/\/www.muse-house.jp\/it\/wp-content\/uploads\/sites\/3\/2022\/09\/kangiCD.mp4?_=1\" \/><a href=\"https:\/\/www.muse-house.jp\/it\/wp-content\/uploads\/sites\/3\/2022\/09\/kangiCD.mp4\">https:\/\/www.muse-house.jp\/it\/wp-content\/uploads\/sites\/3\/2022\/09\/kangiCD.mp4<\/a><\/video><\/div><\/p>\n<section>\n<div class=\"contents bg1 image\">\n<p>La terra fu nata nell&#8217;universo, ci furono il nascita e l&#8217;evoluzione dell&#8217;animale unicellulare, in seguito, l&#8217;uomo gencr\u00f2 il fuoco e poi cre\u00f2 anche la cultura. Sia in Occidente sia in Oriente, ci fu il carattere nelle culture che si ramificarono diversi. Questi caraterri stanno progredendo e stanno cambiando, anche se le forme sono differenti alle vari regioni, anche oggi.<\/p>\n<p>Finch\u00e9 c&#8217;\u00e8 &#8220;la vita&#8221;, anche il carattere continua l&#8217;evoluzione come la proporzione diretta.<\/p>\n<p>In Oriente, il carattere cinesi (gli ideogrammi Cinesi)= KANGI fu nato in Cina, questo propag\u00f2 per paesi vicini, e poi quelli progredirono e cambiarono rispettivamenti. Agli inizi, il carattere fu scrrivuto sulla roccia, sulla corazza della tartaruga, sull&#8217;osso della bestia, sulla terraglia o sul vaso del bronzo. Fra poco, comenci\u00f2 a essere scrrivuto sul pezzo di legno o sulla tela, e poi, pi\u00f9 tardi, ha cominciato a essere scrrivuto sulla carta col progresso dell&#8217;industria della carta. Oggi, \u00e8 scrrivuto sui tutti perch\u00e9 l&#8217;elettronica \u00e8 progredito. Anche la calligrafica \u00e8 progredito e poi \u00e8 cambiato alla forma &#8220;gli antichi ideogrammi cinesi ritrovati incisi su ossa di bovini o carapaci di tartarughe&#8221;, gli ideogrammi cinesi &#8220;KINBUN&#8221;, gli ideogrammi cinesi &#8220;TEN-SIO&#8221;, gli ideogrammi cinesi &#8220;REI-SIO&#8221; stile, gli ideogrammi in stampatelli &#8220;KAI-SIO&#8221;, gli ideogrammi semicorsivi &#8220;GHIOO-SIO&#8221;, gli ideogrammi corsivi &#8220;SOO-SIO&#8221;, e la calligrafica d&#8217;avanguardia&#8230;.., dal geroglifico.<\/p>\n<p>Abbiamo espresso con un carattere cinese &#8220;la Vita&#8221; che \u00e8 idealissimo per questo prosesso evolutivo.<\/p>\n<p>Poco dopo, la nostra terra \u00e8 ingoiata dal sole che diventa la stella fissa supergigante rossa. Ma, spero che l&#8217;uomo pensi importante ogni &#8220;la Vita&#8221; interna, e poi perpetui durevolmente come l&#8217;universo.<\/p>\n<p class=\"black\"><span style=\"color: #c40202;\">\u25cf Regia \u25cf Composizione \u25cf Musica\u3000\u25cf Effetto Sonoro \u25cf Colorazione \u25cf Cartoni Animati \u25cf Grafica Compterizzata<\/span><\/p>\n<p style=\"text-align: right;\"><span class=\"fl-r2 green\">\u30fb\u30fb\u30fbAhomaru<\/span><\/p>\n<p class=\"black\"><span style=\"color: #c40202;\">\u25cf Calligrafia<\/span><\/p>\n<p style=\"text-align: right;\"><span class=\"fl-r2 green\">\u30fb\u30fb\u30fbIppichi-Danuchi<\/span><\/p>\n<p class=\"black\"><span style=\"color: #c40202;\">\u25cf Pittura Originale<\/span><\/p>\n<p style=\"text-align: right;\"><span class=\"fl-r2 green\">\u30fb\u30fb\u30fbTasogare-no Ari<\/span><\/p>\n<p class=\"black\"><span style=\"color: #c40202;\">\u25cf Web Tecnica \u25cf Effetto Sonoro<\/span><\/p>\n<p style=\"text-align: right;\"><span class=\"fl-r2 green\">\u30fb\u30fb\u30fbDennoo-Musci<\/span><\/p>\n<p class=\"black\"><span style=\"color: #c40202;\">\u25cf Produzione<\/span><\/p>\n<p style=\"text-align: right;\"><span class=\"fl-r2 red\">\u30fb\u30fb\u30fbMUSE HOUSE (2006 JUN.) \u30fb\u30fb\u30fb<\/span><\/p>\n<\/div>\n<\/section>\n<\/div>\n","protected":false},"excerpt":{"rendered":"<p>&nbsp; i Cartoni Animati Nuova opera della immagine \u201cil prezzo della guerra\u201d\u3000da professore di musica \u201cAhomaru\u201d &#8212;&#8212;La Transizione del Carattere Cinese (=degli ideogrammi Cinesi) &lt;La Vita&gt; &#8212;&#8211; &nbsp; \ufeff\ufeff La terra fu nata nell&#8217;universo, ci furono il nascita e l&#8217;evoluzione dell&#8217;animale unicellulare, in seguito, l&#8217;uomo gencr\u00f2 il fuoco e poi cre\u00f2 anche la cultura. Sia [&hellip;]<\/p>\n","protected":false},"author":1,"featured_media":0,"parent":0,"menu_order":0,"comment_status":"closed","ping_status":"closed","template":"","meta":{"om_disable_all_campaigns":false,"_monsterinsights_skip_tracking":false,"_monsterinsights_sitenote_active":false,"_monsterinsights_sitenote_note":"","_monsterinsights_sitenote_category":0,"footnotes":""},"class_list":["post-201","page","type-page","status-publish","hentry"],"aioseo_notices":[],"_links":{"self":[{"href":"https:\/\/www.muse-house.jp\/it\/wp-json\/wp\/v2\/pages\/201","targetHints":{"allow":["GET"]}}],"collection":[{"href":"https:\/\/www.muse-house.jp\/it\/wp-json\/wp\/v2\/pages"}],"about":[{"href":"https:\/\/www.muse-house.jp\/it\/wp-json\/wp\/v2\/types\/page"}],"author":[{"embeddable":true,"href":"https:\/\/www.muse-house.jp\/it\/wp-json\/wp\/v2\/users\/1"}],"replies":[{"embeddable":true,"href":"https:\/\/www.muse-house.jp\/it\/wp-json\/wp\/v2\/comments?post=201"}],"version-history":[{"count":9,"href":"https:\/\/www.muse-house.jp\/it\/wp-json\/wp\/v2\/pages\/201\/revisions"}],"predecessor-version":[{"id":447,"href":"https:\/\/www.muse-house.jp\/it\/wp-json\/wp\/v2\/pages\/201\/revisions\/447"}],"wp:attachment":[{"href":"https:\/\/www.muse-house.jp\/it\/wp-json\/wp\/v2\/media?parent=201"}],"curies":[{"name":"wp","href":"https:\/\/api.w.org\/{rel}","templated":true}]}}